{"id":230,"date":"2024-12-18T09:32:56","date_gmt":"2024-12-18T09:32:56","guid":{"rendered":"https:\/\/www.vaitot.cat\/politica-de-privacitat\/"},"modified":"2024-12-18T09:55:56","modified_gmt":"2024-12-18T09:55:56","slug":"politica-de-privacitat","status":"publish","type":"page","link":"https:\/\/www.vaitot.cat\/en\/politica-de-privacitat\/","title":{"rendered":"Privacy Policy"},"content":{"rendered":"<div class=\"wpb-content-wrapper\"><p>[vc_section][vc_row el_class=&#8221;subratllat&#8221; css=&#8221;.vc_custom_1728919849894{margin-top: 50px !important;}&#8221;][vc_column width=&#8221;1\/4&#8243;][\/vc_column][vc_column width=&#8221;1\/2&#8243;][vc_single_image image=&#8221;104&#8243; img_size=&#8221;full&#8221;][\/vc_column][vc_column width=&#8221;1\/4&#8243;][\/vc_column][\/vc_row][vc_row el_class=&#8221;subratllat&#8221;][vc_column][vc_column_text]<\/p>\n<h1>POL\u00cdTICA DE PRIVACITAT<\/h1>\n<p>A efecte del previst en el Reglament (UE) 2016\/679 de 27 d&#8217;abril del 2016 VAITOT ESCAPE ROOM (ara endavant, el Responsable) amb NIF 47632908T informa a l&#8217;Usuari que les seves dades de car\u00e0cter personal seran tractades amb la finalitat de prestar-li els serveis sol\u00b7licitats i enviar-li la informaci\u00f3 sobre la nostra empresa que pugui ser del seu inter\u00e8s.<\/p>\n<p><strong>Responsable del tractament<\/strong><\/p>\n<p>L\u2019empresa responsable del tractament de les seves dades en virtut d\u2019aquesta Pol\u00edtica de privacitat \u00e9s:<\/p>\n<p>VAITOT ESCAPE ROOM<br \/>\nNIF: 47632908T<br \/>\nDomicili: PEP VENTURA, N\u00ba 3, 08800, VILANOVA I LA GELTR\u00da, BARCELONA<br \/>\nDirecci\u00f3 de correu electr\u00f2nic: vaitotescaperoom@gmail.com<br \/>\nWeb: www.vaitot.cat<br \/>\nTel\u00e8fon: 639520011<\/p>\n<p><strong>Base jur\u00eddica del tractament<\/strong><\/p>\n<p>El RESPONSABLE tractar\u00e0 les dades personals de l&#8217;usuari en base al consentiment expr\u00e9s que aquest atorga una vegada llegida la Pol\u00edtica de privacitat, en atenci\u00f3 a l&#8217;article 6.1.a) Reglament UE 2016\/679 de Protecci\u00f3 de dades personals. Envio i registre de dades de car\u00e0cter personal L&#8217;enviament de dades de car\u00e0cter personal \u00e9s obligatori per contactar i rebre informaci\u00f3 sobre els serveis prestats per el Responsable. Aix\u00ed mateix, el no facilitar les dades personals sol\u00b7licitades o el no acceptar la present pol\u00edtica de protecci\u00f3 de dades suposa la impossibilitat de subscriure&#8217;s, registrar-se o rebre informaci\u00f3 d&#8217;aquests serveis.<\/p>\n<p>Quan les dades de car\u00e0cter personal siguin obtingudes de l\u2019Usuari a trav\u00e9s de xarxes de comunicacions electr\u00f2niques o en el marc de la prestaci\u00f3 d&#8217;un servei de la societat de la informaci\u00f3, aix\u00ed com en aquells altres sup\u00f2sits expressament establerts per la llei o quan aix\u00ed ho autoritzi l&#8217;Ag\u00e8ncia Espanyola de Protecci\u00f3 de Dades, el responsable del tractament podr\u00e0 donar compliment al deure d&#8217;informaci\u00f3 que estableix l&#8217;article 13 del Reglament (UE) 2016\/679 facilitant l&#8217;afectat almenys la informaci\u00f3 b\u00e0sica seg\u00fcent:<br \/>\na) La identitat del responsable del tractament i del seu representant, si escau.<br \/>\nb) La finalitat del tractament.<br \/>\nc) La manera en qu\u00e8 l&#8217;afectat podr\u00e0 exercitar els drets que estableixen els articles 15 a 22 del Reglament (UE) 2016\/679.<\/p>\n<p>Tanmateix, els responsables i encarregats del tractament o, si s&#8217;escau, els seus representants hauran de mantenir el registre d&#8217;activitats de tractament a qu\u00e8 es refereix l&#8217;article 30 del Reglament (UE) 2016\/679, llevat que la empresa o organitzaci\u00f3 ocupin menys de 250 persones, amb l&#8217;excepci\u00f3 que el tractament que realitzi pugui comportar un risc per als drets i llibertats dels interessats, no sigui ocasional, o inclogui categories especials de dades personals indicades en l&#8217;article 9, apartat 1, o dades personals relatives a condemnes i infraccions penals a qu\u00e8 es refereix l&#8217;article 10 del Reglament (UE) 2016\/679.<\/p>\n<p>Finalment, l&#8217;article 5.1.f) del Reglament (UE) 2016\/679 determina la necessitat d&#8217;establir garanties de seguretat adequades contra el tractament no autoritzat o il\u00b7l\u00edcit, contra la p\u00e8rdua de les dades personals, la destrucci\u00f3 o el dany accidental. Aix\u00f2 implica l&#8217;establiment de mesures t\u00e8cniques i organitzatives encaminades a assegurar la integritat i confidencialitat de les dades personals i la possibilitat (article 5.2) de demostrar que aquestes mesures s&#8217;han portat a la pr\u00e0ctica (responsabilitat proactiva).<\/p>\n<p><strong>Cessi\u00f3 o comunicaci\u00f3 de dades personals i transfer\u00e8ncies internacionals<\/strong><\/p>\n<p>El Responsable no cedir\u00e0 les dades personals a tercers. No obstant aix\u00f2, en el cas de ser cedits a algun tercer es produiria una informaci\u00f3 pr\u00e8via sol\u00b7licitant el consentiment expr\u00e9s de l&#8217;afectat en virtut de l&#8217;article 4.11 del Reglament (UE) 2016\/679 de 27 d&#8217;abril del 2016.<\/p>\n<p>No estan previstes transfer\u00e8ncies de dades a tercers pa\u00efsos.<\/p>\n<p><strong>Exactitud i veracitat de les dades facilitades<\/strong><\/p>\n<p>L&#8217;Usuari que envia la informaci\u00f3 a el Responsable \u00e9s l&#8217;\u00fanic responsable de la veracitat i correcci\u00f3 de les dades incloses, exonerant-se el Responsable de qualsevol responsabilitat sobre aquest tema.<\/p>\n<p>Els usuaris garanteixen i responen, en qualsevol cas, de l&#8217;exactitud, vig\u00e8ncia i autenticitat de les dades personals facilitades, i es comprometen a mantenir-los degudament actualitzats. L&#8217;Usuari accepta proporcionar informaci\u00f3 completa i correcta en el formulari de registre o subscripci\u00f3.<\/p>\n<p>El Responsable no respon de la veracitat de les informacions que no siguin d&#8217;elaboraci\u00f3 pr\u00f2pia i de les quals s&#8217;indiqui una altra font, per la qual cosa tampoc assumeix responsabilitat alguna quant a hipot\u00e8tics perjudicis que poguessin originar-se per l&#8217;\u00fas d&#8217;aquesta informaci\u00f3. S&#8217;exonera a el Responsable de responsabilitat davant qualsevol dany o perjudici que pogu\u00e9s sofrir l&#8217;Usuari com a conseq\u00fc\u00e8ncia d&#8217;errors, defectes o omissions, en la informaci\u00f3 facilitada pel Responsable sempre que procedeixi de fonts alienes el Responsable.<\/p>\n<p><strong>Conservaci\u00f3 de les dades<\/strong><br \/>\nEn qualsevol cas, el temps de conservaci\u00f3 ser\u00e0 l\u2019indispensable, i haur\u00e0 de mantenir-se com a m\u00ednim:<\/p>\n<p>\u2022 4 anys: Llei sobre infraccions i sancions en l&#8217;ordre social (obligacions en mat\u00e8ria d&#8217;afiliaci\u00f3, altes, baixes, cotitzaci\u00f3, pagament de salaris &#8230;); Arts. 66 i s. Llei general tribut\u00e0ria (llibres de comptabilitat &#8230;)<br \/>\n\u2022 5 anys: Art. 1964 Codi Civil (accions personals sense termini especial)<br \/>\n\u2022 6 anys: Art. 30 Codi de Comer\u00e7 (llibres de comptabilitat, factures &#8230;)<br \/>\n\u2022 10 anys: Art. 25 Llei de Prevenci\u00f3 del Blanqueig de Capitals i Finan\u00e7ament del Terrorisme.<\/p>\n<p><strong>Exercici de drets d&#8217;acc\u00e9s, rectificaci\u00f3, supressi\u00f3, limitaci\u00f3, portabilitat i oposici\u00f3<\/strong><\/p>\n<p>Podr\u00e0 dirigir les seves comunicacions i exercitar els drets d&#8217;acc\u00e9s, rectificaci\u00f3, supressi\u00f3, limitaci\u00f3, portabilitat i oposici\u00f3 a trav\u00e9s de correu postal el Responsable PEP VENTURA, N\u00ba 3, 08800, VILANOVA I LA GELTR\u00da, BARCELONA o a l&#8217;email vaitotescaperoom@gmail.com juntament amb prova v\u00e0lida en dret, com a fotoc\u00f2pia del D.N.I. i indicant en l&#8217;assumpte &#8220;PROTECCI\u00d3 DE DADES&#8221;.<\/p>\n<p>Tanmateix, podeu adre\u00e7ar-vos a l&#8217;Autoritat de Control en mat\u00e8ria de Protecci\u00f3 de Dades competent per obtenir informaci\u00f3 addicional o presentar una reclamaci\u00f3.<\/p>\n<p><strong>Acceptaci\u00f3 i consentiment <\/strong><\/p>\n<p>L&#8217;Usuari declara haver estat informat de les condicions sobre protecci\u00f3 de dades de car\u00e0cter personal, acceptant i consentint el tractament de les mateixes per part del Responsable, en la forma i per a les finalitats indicades en la present Pol\u00edtica de Protecci\u00f3 de Dades Personals.<\/p>\n<p><strong>Canvis en la present pol\u00edtica de privacitat<\/strong><\/p>\n<p>El Responsable es reserva el dret a modificar la present pol\u00edtica per adaptar-la a novetats legislatives o jurisprudencials aix\u00ed com a pr\u00e0ctiques de la ind\u00fastria. En aquests sup\u00f2sits, el Responsable anunciar\u00e0 en aquesta p\u00e0gina els canvis introdu\u00efts amb raonable antelaci\u00f3 a la seva posada en pr\u00e0ctica.[\/vc_column_text][\/vc_column][\/vc_row][vc_row][vc_column][vc_column_text el_class=&#8221;enlaces-vaitot&#8221;]Phone: <a href=\"tel:+34639520011\">639 52 00 11<\/a><\/p>\n<p>Address: <a href=\"https:\/\/maps.app.goo.gl\/AYUsWYai7HPg4Ufq9\">Rambla Pep Ventura n\u00ba3, Vilanova i la Geltr\u00fa, Barcelona.<\/a><\/p>\n<p>Instagram: <a href=\"https:\/\/instagram.com\/vaitotescaperoom\">@vaitotescaperoom<\/a><\/p>\n<p><a href=\"https:\/\/www.vaitot.cat\/en\/politica-de-privacitat\/\">Privacy Policy<\/a><\/p>\n<p><a href=\"https:\/\/www.vaitot.cat\/en\/avis-legal\/\">Legal Advice<\/a>[\/vc_column_text][\/vc_column][\/vc_row][\/vc_section]<\/p>\n<\/div>","protected":false},"excerpt":{"rendered":"<p>[vc_section][vc_row el_class=&#8221;subratllat&#8221; css=&#8221;.vc_custom_1728919849894{margin-top: 50px !important;}&#8221;][vc_column width=&#8221;1\/4&#8243;][\/vc_column][vc_column width=&#8221;1\/2&#8243;][vc_single_image image=&#8221;104&#8243; img_size=&#8221;full&#8221;][\/vc_column][vc_column width=&#8221;1\/4&#8243;][\/vc_column][\/vc_row][vc_row el_class=&#8221;subratllat&#8221;][vc_column][vc_column_text] POL\u00cdTICA DE PRIVACITAT A efecte del previst en el Reglament (UE) 2016\/679 de 27 d&#8217;abril del 2016 VAITOT ESCAPE ROOM (ara endavant, el Responsable) amb NIF 47632908T informa a l&#8217;Usuari que les seves dades de car\u00e0cter personal seran tractades amb la finalitat de prestar-li [&hellip;]<\/p>\n","protected":false},"author":2,"featured_media":0,"parent":0,"menu_order":0,"comment_status":"closed","ping_status":"closed","template":"","meta":{"_acf_changed":false,"footnotes":""},"class_list":["post-230","page","type-page","status-publish","hentry"],"acf":[],"yoast_head":"<!-- This site is optimized with the Yoast SEO Premium plugin v23.6 (Yoast SEO v25.3.1) - https:\/\/yoast.com\/wordpress\/plugins\/seo\/ -->\n<title>Privacy Policy - Escape Room en Vilanova<\/title>\n<meta name=\"robots\" content=\"index, follow, max-snippet:-1, max-image-preview:large, max-video-preview:-1\" \/>\n<link rel=\"canonical\" href=\"https:\/\/www.vaitot.cat\/politica-de-privacitat\/\" \/>\n<meta property=\"og:locale\" content=\"en_US\" \/>\n<meta property=\"og:type\" content=\"article\" \/>\n<meta property=\"og:title\" content=\"Privacy Policy\" \/>\n<meta property=\"og:description\" content=\"[vc_section][vc_row el_class=&#8221;subratllat&#8221; css=&#8221;.vc_custom_1728919849894{margin-top: 50px !important;}&#8221;][vc_column width=&#8221;1\/4&#8243;][\/vc_column][vc_column width=&#8221;1\/2&#8243;][vc_single_image image=&#8221;104&#8243; img_size=&#8221;full&#8221;][\/vc_column][vc_column width=&#8221;1\/4&#8243;][\/vc_column][\/vc_row][vc_row el_class=&#8221;subratllat&#8221;][vc_column][vc_column_text] POL\u00cdTICA DE PRIVACITAT A efecte del previst en el Reglament (UE) 2016\/679 de 27 d&#8217;abril del 2016 VAITOT ESCAPE ROOM (ara endavant, el Responsable) amb NIF 47632908T informa a l&#8217;Usuari que les seves dades de car\u00e0cter personal seran tractades amb la finalitat de prestar-li [&hellip;]\" \/>\n<meta property=\"og:url\" content=\"https:\/\/www.vaitot.cat\/politica-de-privacitat\/\" \/>\n<meta property=\"og:site_name\" content=\"Escape Room en Vilanova\" \/>\n<meta property=\"article:modified_time\" content=\"2024-12-18T09:55:56+00:00\" \/>\n<meta name=\"twitter:card\" content=\"summary_large_image\" \/>\n<meta name=\"twitter:label1\" content=\"Est. reading time\" \/>\n\t<meta name=\"twitter:data1\" content=\"6 minutes\" \/>\n<script type=\"application\/ld+json\" class=\"yoast-schema-graph\">{\"@context\":\"https:\/\/schema.org\",\"@graph\":[{\"@type\":\"WebPage\",\"@id\":\"https:\/\/www.vaitot.cat\/politica-de-privacitat\/\",\"url\":\"https:\/\/www.vaitot.cat\/politica-de-privacitat\/\",\"name\":\"Privacy Policy - Escape Room en Vilanova\",\"isPartOf\":{\"@id\":\"https:\/\/www.vaitot.cat\/en\/#website\"},\"datePublished\":\"2024-12-18T09:32:56+00:00\",\"dateModified\":\"2024-12-18T09:55:56+00:00\",\"breadcrumb\":{\"@id\":\"https:\/\/www.vaitot.cat\/politica-de-privacitat\/#breadcrumb\"},\"inLanguage\":\"en-US\",\"potentialAction\":[{\"@type\":\"ReadAction\",\"target\":[\"https:\/\/www.vaitot.cat\/politica-de-privacitat\/\"]}]},{\"@type\":\"BreadcrumbList\",\"@id\":\"https:\/\/www.vaitot.cat\/politica-de-privacitat\/#breadcrumb\",\"itemListElement\":[{\"@type\":\"ListItem\",\"position\":1,\"name\":\"Home\",\"item\":\"https:\/\/www.vaitot.cat\/en\/\"},{\"@type\":\"ListItem\",\"position\":2,\"name\":\"Privacy Policy\"}]},{\"@type\":\"WebSite\",\"@id\":\"https:\/\/www.vaitot.cat\/en\/#website\",\"url\":\"https:\/\/www.vaitot.cat\/en\/\",\"name\":\"Escape Room en Vilanova\",\"description\":\"Diversi\u00f3n para todos!\",\"publisher\":{\"@id\":\"https:\/\/www.vaitot.cat\/en\/#organization\"},\"potentialAction\":[{\"@type\":\"SearchAction\",\"target\":{\"@type\":\"EntryPoint\",\"urlTemplate\":\"https:\/\/www.vaitot.cat\/en\/?s={search_term_string}\"},\"query-input\":{\"@type\":\"PropertyValueSpecification\",\"valueRequired\":true,\"valueName\":\"search_term_string\"}}],\"inLanguage\":\"en-US\"},{\"@type\":\"Organization\",\"@id\":\"https:\/\/www.vaitot.cat\/en\/#organization\",\"name\":\"Vaitot Escape Room\",\"url\":\"https:\/\/www.vaitot.cat\/en\/\",\"logo\":{\"@type\":\"ImageObject\",\"inLanguage\":\"en-US\",\"@id\":\"https:\/\/www.vaitot.cat\/en\/#\/schema\/logo\/image\/\",\"url\":\"https:\/\/www.vaitot.cat\/wp-content\/uploads\/2024\/10\/cropped-favicon-vaitot.png\",\"contentUrl\":\"https:\/\/www.vaitot.cat\/wp-content\/uploads\/2024\/10\/cropped-favicon-vaitot.png\",\"width\":512,\"height\":512,\"caption\":\"Vaitot Escape Room\"},\"image\":{\"@id\":\"https:\/\/www.vaitot.cat\/en\/#\/schema\/logo\/image\/\"},\"sameAs\":[\"https:\/\/www.instagram.com\/vaitotescaperoom\/\"],\"description\":\"Descubre el mejor Escape Room en Vilanova. Disfruta de experiencias \u00fanicas con amigos, familia o para eventos como aniversarios y team buildings. Reserva y compra vales regalo.\"}]}<\/script>\n<!-- \/ Yoast SEO Premium plugin. -->","yoast_head_json":{"title":"Privacy Policy - Escape Room en Vilanova","robots":{"index":"index","follow":"follow","max-snippet":"max-snippet:-1","max-image-preview":"max-image-preview:large","max-video-preview":"max-video-preview:-1"},"canonical":"https:\/\/www.vaitot.cat\/politica-de-privacitat\/","og_locale":"en_US","og_type":"article","og_title":"Privacy Policy","og_description":"[vc_section][vc_row el_class=&#8221;subratllat&#8221; css=&#8221;.vc_custom_1728919849894{margin-top: 50px !important;}&#8221;][vc_column width=&#8221;1\/4&#8243;][\/vc_column][vc_column width=&#8221;1\/2&#8243;][vc_single_image image=&#8221;104&#8243; img_size=&#8221;full&#8221;][\/vc_column][vc_column width=&#8221;1\/4&#8243;][\/vc_column][\/vc_row][vc_row el_class=&#8221;subratllat&#8221;][vc_column][vc_column_text] POL\u00cdTICA DE PRIVACITAT A efecte del previst en el Reglament (UE) 2016\/679 de 27 d&#8217;abril del 2016 VAITOT ESCAPE ROOM (ara endavant, el Responsable) amb NIF 47632908T informa a l&#8217;Usuari que les seves dades de car\u00e0cter personal seran tractades amb la finalitat de prestar-li [&hellip;]","og_url":"https:\/\/www.vaitot.cat\/politica-de-privacitat\/","og_site_name":"Escape Room en Vilanova","article_modified_time":"2024-12-18T09:55:56+00:00","twitter_card":"summary_large_image","twitter_misc":{"Est. reading time":"6 minutes"},"schema":{"@context":"https:\/\/schema.org","@graph":[{"@type":"WebPage","@id":"https:\/\/www.vaitot.cat\/politica-de-privacitat\/","url":"https:\/\/www.vaitot.cat\/politica-de-privacitat\/","name":"Privacy Policy - Escape Room en Vilanova","isPartOf":{"@id":"https:\/\/www.vaitot.cat\/en\/#website"},"datePublished":"2024-12-18T09:32:56+00:00","dateModified":"2024-12-18T09:55:56+00:00","breadcrumb":{"@id":"https:\/\/www.vaitot.cat\/politica-de-privacitat\/#breadcrumb"},"inLanguage":"en-US","potentialAction":[{"@type":"ReadAction","target":["https:\/\/www.vaitot.cat\/politica-de-privacitat\/"]}]},{"@type":"BreadcrumbList","@id":"https:\/\/www.vaitot.cat\/politica-de-privacitat\/#breadcrumb","itemListElement":[{"@type":"ListItem","position":1,"name":"Home","item":"https:\/\/www.vaitot.cat\/en\/"},{"@type":"ListItem","position":2,"name":"Privacy Policy"}]},{"@type":"WebSite","@id":"https:\/\/www.vaitot.cat\/en\/#website","url":"https:\/\/www.vaitot.cat\/en\/","name":"Escape Room en Vilanova","description":"Diversi\u00f3n para todos!","publisher":{"@id":"https:\/\/www.vaitot.cat\/en\/#organization"},"potentialAction":[{"@type":"SearchAction","target":{"@type":"EntryPoint","urlTemplate":"https:\/\/www.vaitot.cat\/en\/?s={search_term_string}"},"query-input":{"@type":"PropertyValueSpecification","valueRequired":true,"valueName":"search_term_string"}}],"inLanguage":"en-US"},{"@type":"Organization","@id":"https:\/\/www.vaitot.cat\/en\/#organization","name":"Vaitot Escape Room","url":"https:\/\/www.vaitot.cat\/en\/","logo":{"@type":"ImageObject","inLanguage":"en-US","@id":"https:\/\/www.vaitot.cat\/en\/#\/schema\/logo\/image\/","url":"https:\/\/www.vaitot.cat\/wp-content\/uploads\/2024\/10\/cropped-favicon-vaitot.png","contentUrl":"https:\/\/www.vaitot.cat\/wp-content\/uploads\/2024\/10\/cropped-favicon-vaitot.png","width":512,"height":512,"caption":"Vaitot Escape Room"},"image":{"@id":"https:\/\/www.vaitot.cat\/en\/#\/schema\/logo\/image\/"},"sameAs":["https:\/\/www.instagram.com\/vaitotescaperoom\/"],"description":"Descubre el mejor Escape Room en Vilanova. Disfruta de experiencias \u00fanicas con amigos, familia o para eventos como aniversarios y team buildings. Reserva y compra vales regalo."}]}},"_links":{"self":[{"href":"https:\/\/www.vaitot.cat\/en\/wp-json\/wp\/v2\/pages\/230","targetHints":{"allow":["GET"]}}],"collection":[{"href":"https:\/\/www.vaitot.cat\/en\/wp-json\/wp\/v2\/pages"}],"about":[{"href":"https:\/\/www.vaitot.cat\/en\/wp-json\/wp\/v2\/types\/page"}],"author":[{"embeddable":true,"href":"https:\/\/www.vaitot.cat\/en\/wp-json\/wp\/v2\/users\/2"}],"replies":[{"embeddable":true,"href":"https:\/\/www.vaitot.cat\/en\/wp-json\/wp\/v2\/comments?post=230"}],"version-history":[{"count":0,"href":"https:\/\/www.vaitot.cat\/en\/wp-json\/wp\/v2\/pages\/230\/revisions"}],"wp:attachment":[{"href":"https:\/\/www.vaitot.cat\/en\/wp-json\/wp\/v2\/media?parent=230"}],"curies":[{"name":"wp","href":"https:\/\/api.w.org\/{rel}","templated":true}]}}